{"id":566,"date":"2025-12-31T14:03:04","date_gmt":"2025-12-31T13:03:04","guid":{"rendered":"https:\/\/pocenispletnestrani.si\/thermostar\/?post_type=product&#038;p=566"},"modified":"2025-12-31T14:05:44","modified_gmt":"2025-12-31T13:05:44","slug":"velika-scetka-o-60","status":"publish","type":"product","link":"https:\/\/pocenispletnestrani.si\/thermostar\/izdelek\/velika-scetka-o-60\/","title":{"rendered":"Velika \u0161\u010detka \u00d8 60"},"content":{"rendered":"<p>Velika \u0161\u010detka za \u010di\u0161\u010denje \u00d8 60 (PVC)<\/p>\n","protected":false},"excerpt":{"rendered":"<p>Nastavek za parni \u010distilec \u2013 velika \u0161\u010detka za \u010di\u0161\u010denje \u00d8 60 (PVC).<\/p>\n","protected":false},"featured_media":544,"comment_status":"open","ping_status":"closed","template":"","meta":{"_uag_custom_page_level_css":""},"product_brand":[],"product_cat":[19],"product_tag":[],"class_list":{"0":"post-566","1":"product","2":"type-product","3":"status-publish","4":"has-post-thumbnail","6":"product_cat-dodatki","8":"first","9":"instock","10":"shipping-taxable","11":"purchasable","12":"product-type-simple"},"uagb_featured_image_src":{"full":["https:\/\/pocenispletnestrani.si\/thermostar\/wp-content\/uploads\/2025\/12\/6-1.jpg",480,480,false],"thumbnail":["https:\/\/pocenispletnestrani.si\/thermostar\/wp-content\/uploads\/2025\/12\/6-1.jpg",250,250,false],"medium":["https:\/\/pocenispletnestrani.si\/thermostar\/wp-content\/uploads\/2025\/12\/6-1.jpg",480,480,false],"medium_large":["https:\/\/pocenispletnestrani.si\/thermostar\/wp-content\/uploads\/2025\/12\/6-1.jpg",480,480,false],"large":["https:\/\/pocenispletnestrani.si\/thermostar\/wp-content\/uploads\/2025\/12\/6-1.jpg",480,480,false],"1536x1536":["https:\/\/pocenispletnestrani.si\/thermostar\/wp-content\/uploads\/2025\/12\/6-1.jpg",480,480,false],"2048x2048":["https:\/\/pocenispletnestrani.si\/thermostar\/wp-content\/uploads\/2025\/12\/6-1.jpg",480,480,false],"woocommerce_thumbnail":["https:\/\/pocenispletnestrani.si\/thermostar\/wp-content\/uploads\/2025\/12\/6-1.jpg",300,300,false],"woocommerce_single":["https:\/\/pocenispletnestrani.si\/thermostar\/wp-content\/uploads\/2025\/12\/6-1.jpg",480,480,false],"woocommerce_gallery_thumbnail":["https:\/\/pocenispletnestrani.si\/thermostar\/wp-content\/uploads\/2025\/12\/6-1.jpg",100,100,false]},"uagb_author_info":{"display_name":"admin","author_link":"https:\/\/pocenispletnestrani.si\/thermostar\/author\/"},"uagb_comment_info":0,"uagb_excerpt":"Nastavek za parni \u010distilec \u2013 velika \u0161\u010detka za \u010di\u0161\u010denje \u00d8 60 (PVC).","_links":{"self":[{"href":"https:\/\/pocenispletnestrani.si\/thermostar\/wp-json\/wp\/v2\/product\/566","targetHints":{"allow":["GET"]}}],"collection":[{"href":"https:\/\/pocenispletnestrani.si\/thermostar\/wp-json\/wp\/v2\/product"}],"about":[{"href":"https:\/\/pocenispletnestrani.si\/thermostar\/wp-json\/wp\/v2\/types\/product"}],"replies":[{"embeddable":true,"href":"https:\/\/pocenispletnestrani.si\/thermostar\/wp-json\/wp\/v2\/comments?post=566"}],"wp:featuredmedia":[{"embeddable":true,"href":"https:\/\/pocenispletnestrani.si\/thermostar\/wp-json\/wp\/v2\/media\/544"}],"wp:attachment":[{"href":"https:\/\/pocenispletnestrani.si\/thermostar\/wp-json\/wp\/v2\/media?parent=566"}],"wp:term":[{"taxonomy":"product_brand","embeddable":true,"href":"https:\/\/pocenispletnestrani.si\/thermostar\/wp-json\/wp\/v2\/product_brand?post=566"},{"taxonomy":"product_cat","embeddable":true,"href":"https:\/\/pocenispletnestrani.si\/thermostar\/wp-json\/wp\/v2\/product_cat?post=566"},{"taxonomy":"product_tag","embeddable":true,"href":"https:\/\/pocenispletnestrani.si\/thermostar\/wp-json\/wp\/v2\/product_tag?post=566"}],"curies":[{"name":"wp","href":"https:\/\/api.w.org\/{rel}","templated":true}]}}