{"id":243,"date":"2025-12-14T13:07:41","date_gmt":"2025-12-14T12:07:41","guid":{"rendered":"https:\/\/pocenispletnestrani.si\/thermostar\/?page_id=243"},"modified":"2026-01-06T22:26:25","modified_gmt":"2026-01-06T21:26:25","slug":"kariera","status":"publish","type":"page","link":"https:\/\/pocenispletnestrani.si\/thermostar\/kariera\/","title":{"rendered":"Kariera"},"content":{"rendered":"\n<div class=\"wp-block-uagb-container uagb-block-221d24ed alignfull uagb-is-root-container\"><div class=\"uagb-container__video-wrap\"><video autoplay loop muted playsinline><source src=\"https:\/\/pocenispletnestrani.si\/thermostar\/wp-content\/uploads\/2025\/12\/thermostar-video.mp4\" type=\"video\/mp4\"\/><\/video><\/div><div class=\"uagb-container-inner-blocks-wrap\"><\/div><\/div>\n\n\n\n<div class=\"wp-block-columns is-layout-flex wp-container-core-columns-is-layout-9d6595d7 wp-block-columns-is-layout-flex\">\n<div class=\"wp-block-column is-layout-flow wp-block-column-is-layout-flow\"><\/div>\n\n\n\n<div class=\"wp-block-column is-layout-flow wp-block-column-is-layout-flow\">\n<div style=\"height:100px\" aria-hidden=\"true\" class=\"wp-block-spacer\"><\/div>\n\n\n\n<h2 class=\"wp-block-heading has-text-align-center\" style=\"font-size:50px\"><mark style=\"background-color:rgba(0, 0, 0, 0)\" class=\"has-inline-color has-accent-color\"><strong>KARIERA<\/strong><\/mark><\/h2>\n\n\n\n<div style=\"height:70px\" aria-hidden=\"true\" class=\"wp-block-spacer\"><\/div>\n\n\n\n<p class=\"has-text-align-center\" style=\"font-size:24px\">Postani prodajni svetovalec svetovno priznanih premium parnih \u010distilcev <strong><mark style=\"background-color:rgba(0, 0, 0, 0)\" class=\"has-inline-color has-accent-color\"><a href=\"https:\/\/pocenispletnestrani.si\/thermostar\/\">Thermostar<\/a><\/mark><\/strong> in u\u017eivaj v fleksibilnem urniku, ter navzgor neomejenemu pla\u010dilu glede na uspe\u0161nost.<\/p>\n\n\n\n<p class=\"has-text-align-center\" style=\"font-size:24px\">Pridobi dragocene prodajne ve\u0161\u010dine, ki so \u0161e kako potrebne na vsaki poslovni poti.<\/p>\n\n\n\n<div style=\"height:60px\" aria-hidden=\"true\" class=\"wp-block-spacer\"><\/div>\n\n\n\n<div class=\"wp-block-uagb-image aligncenter uagb-block-8a452cea wp-block-uagb-image--layout-default wp-block-uagb-image--effect-static wp-block-uagb-image--align-center\"><figure class=\"wp-block-uagb-image__figure\"><img decoding=\"async\" srcset=\"https:\/\/pocenispletnestrani.si\/thermostar\/wp-content\/uploads\/2026\/01\/666-1.jpg ,https:\/\/pocenispletnestrani.si\/thermostar\/wp-content\/uploads\/2026\/01\/666-1.jpg 780w, https:\/\/pocenispletnestrani.si\/thermostar\/wp-content\/uploads\/2026\/01\/666-1.jpg 360w\" sizes=\"auto, (max-width: 480px) 150px\" src=\"https:\/\/pocenispletnestrani.si\/thermostar\/wp-content\/uploads\/2026\/01\/666-1.jpg\" alt=\"\" class=\"uag-image-684\" width=\"1738\" height=\"1500\" title=\"kariera_thermostar\" loading=\"lazy\" role=\"img\"\/><\/figure><\/div>\n\n\n\n<div style=\"height:60px\" aria-hidden=\"true\" class=\"wp-block-spacer\"><\/div>\n\n\n\n<p class=\"has-text-align-center\" style=\"font-size:24px\">Mo\u017enost redne zaposlitve ali kot dodatni zaslu\u017eek ob redni zaposlitvi ali \u0161tudiju. Pi\u0161i nam in postati del uspe\u0161ne zgodbe!<\/p>\n\n\n\n<div style=\"height:70px\" aria-hidden=\"true\" class=\"wp-block-spacer\"><\/div>\n\n\n\n<div class=\"wp-block-uagb-icon-list uagb-block-16a20577\"><div class=\"uagb-icon-list__wrap\">\n<div class=\"wp-block-uagb-icon-list-child uagb-block-fce4c15c\"><span class=\"uagb-icon-list__source-wrap\"><svg xmlns=\"https:\/\/www.w3.org\/2000\/svg\" viewBox=\"0 0 512 512\"><path d=\"M511.2 387l-23.25 100.8c-3.266 14.25-15.79 24.22-30.46 24.22C205.2 512 0 306.8 0 54.5c0-14.66 9.969-27.2 24.22-30.45l100.8-23.25C139.7-2.602 154.7 5.018 160.8 18.92l46.52 108.5c5.438 12.78 1.77 27.67-8.98 36.45L144.5 207.1c33.98 69.22 90.26 125.5 159.5 159.5l44.08-53.8c8.688-10.78 23.69-14.51 36.47-8.975l108.5 46.51C506.1 357.2 514.6 372.4 511.2 387z\"><\/path><\/svg><\/span><span class=\"uagb-icon-list__label\"><strong>040\/350-818<\/strong><\/span><\/div>\n\n\n\n<div class=\"wp-block-uagb-icon-list-child uagb-block-38dda297\"><span class=\"uagb-icon-list__source-wrap\"><svg xmlns=\"https:\/\/www.w3.org\/2000\/svg\" viewBox=\"0 0 512 512\"><path d=\"M464 64C490.5 64 512 85.49 512 112C512 127.1 504.9 141.3 492.8 150.4L275.2 313.6C263.8 322.1 248.2 322.1 236.8 313.6L19.2 150.4C7.113 141.3 0 127.1 0 112C0 85.49 21.49 64 48 64H464zM217.6 339.2C240.4 356.3 271.6 356.3 294.4 339.2L512 176V384C512 419.3 483.3 448 448 448H64C28.65 448 0 419.3 0 384V176L217.6 339.2z\"><\/path><\/svg><\/span><span class=\"uagb-icon-list__label\"><strong>auradent@gmail.com<\/strong><\/span><\/div>\n<\/div><\/div>\n\n\n\n<div style=\"height:70px\" aria-hidden=\"true\" class=\"wp-block-spacer\"><\/div>\n\n\n<style id=\"wpforms-css-vars-146-block-af58e0ea-48b7-4d73-adcc-587d57a1f8e6\">\n\t\t\t\t#wpforms-146.wpforms-block-af58e0ea-48b7-4d73-adcc-587d57a1f8e6 {\n\t\t\t\t--wpforms-field-size-input-height: 43px;\n--wpforms-field-size-input-spacing: 15px;\n--wpforms-field-size-font-size: 16px;\n--wpforms-field-size-line-height: 19px;\n--wpforms-field-size-padding-h: 14px;\n--wpforms-field-size-checkbox-size: 16px;\n--wpforms-field-size-sublabel-spacing: 5px;\n--wpforms-field-size-icon-size: 1;\n--wpforms-label-size-font-size: 16px;\n--wpforms-label-size-line-height: 19px;\n--wpforms-label-size-sublabel-font-size: 14px;\n--wpforms-label-size-sublabel-line-height: 17px;\n--wpforms-button-size-font-size: 17px;\n--wpforms-button-size-height: 41px;\n--wpforms-button-size-padding-h: 15px;\n--wpforms-button-size-margin-top: 10px;\n\t\t\t}\n\t\t\t<\/style><div class=\"wpforms-container wpforms-container-full wpforms-block wpforms-block-af58e0ea-48b7-4d73-adcc-587d57a1f8e6 wpforms-render-modern\" id=\"wpforms-146\"><form id=\"wpforms-form-146\" class=\"wpforms-validate wpforms-form wpforms-ajax-form\" data-formid=\"146\" method=\"post\" enctype=\"multipart\/form-data\" action=\"\/thermostar\/wp-json\/wp\/v2\/pages\/243\" data-token=\"0a6180efea6baa6f641a0c97c3e8e505\" data-token-time=\"1776675305\"><noscript class=\"wpforms-error-noscript\">Please enable JavaScript in your browser to complete this form.<\/noscript><div id=\"wpforms-error-noscript\" style=\"display: none;\">Please enable JavaScript in your browser to complete this form.<\/div><div class=\"wpforms-field-container\"><div id=\"wpforms-146-field_1-container\" class=\"wpforms-field wpforms-field-text\" data-field-id=\"1\"><label class=\"wpforms-field-label\" for=\"wpforms-146-field_1\">Ime: <span class=\"wpforms-required-label\" aria-hidden=\"true\">*<\/span><\/label><input type=\"text\" id=\"wpforms-146-field_1\" class=\"wpforms-field-large wpforms-field-required\" name=\"wpforms[fields][1]\" aria-errormessage=\"wpforms-146-field_1-error\" required><\/div><div id=\"wpforms-146-field_2-container\" class=\"wpforms-field wpforms-field-text\" data-field-id=\"2\"><label class=\"wpforms-field-label\" for=\"wpforms-146-field_2\">Priimek: <span class=\"wpforms-required-label\" aria-hidden=\"true\">*<\/span><\/label><input type=\"text\" id=\"wpforms-146-field_2\" class=\"wpforms-field-large wpforms-field-required\" name=\"wpforms[fields][2]\" aria-errormessage=\"wpforms-146-field_2-error\" required><\/div>\t\t<div id=\"wpforms-146-field_6-container\"\n\t\t\tclass=\"wpforms-field wpforms-field-text\"\n\t\t\tdata-field-type=\"text\"\n\t\t\tdata-field-id=\"6\"\n\t\t\t>\n\t\t\t<label class=\"wpforms-field-label\" for=\"wpforms-146-field_6\" >Sporo\u010dilo: Telefon: Va\u0161e<\/label>\n\t\t\t<input type=\"text\" id=\"wpforms-146-field_6\" class=\"wpforms-field-medium\" name=\"wpforms[fields][6]\" >\n\t\t<\/div>\n\t\t<div id=\"wpforms-146-field_3-container\" class=\"wpforms-field wpforms-field-number\" data-field-id=\"3\"><label class=\"wpforms-field-label\" for=\"wpforms-146-field_3\">Telefon: <span class=\"wpforms-required-label\" aria-hidden=\"true\">*<\/span><\/label><input type=\"number\" id=\"wpforms-146-field_3\" class=\"wpforms-field-large wpforms-field-required\" name=\"wpforms[fields][3]\" step=\"any\" aria-errormessage=\"wpforms-146-field_3-error\" required><\/div><div id=\"wpforms-146-field_4-container\" class=\"wpforms-field wpforms-field-email\" data-field-id=\"4\"><label class=\"wpforms-field-label\" for=\"wpforms-146-field_4\">E-naslov: <span class=\"wpforms-required-label\" aria-hidden=\"true\">*<\/span><\/label><input type=\"email\" id=\"wpforms-146-field_4\" class=\"wpforms-field-large wpforms-field-required\" name=\"wpforms[fields][4]\" spellcheck=\"false\" aria-errormessage=\"wpforms-146-field_4-error\" required><\/div><div id=\"wpforms-146-field_5-container\" class=\"wpforms-field wpforms-field-textarea\" data-field-id=\"5\"><label class=\"wpforms-field-label\" for=\"wpforms-146-field_5\">Va\u0161e Sporo\u010dilo: <span class=\"wpforms-required-label\" aria-hidden=\"true\">*<\/span><\/label><textarea id=\"wpforms-146-field_5\" class=\"wpforms-field-medium wpforms-field-required\" name=\"wpforms[fields][5]\" aria-errormessage=\"wpforms-146-field_5-error\" required><\/textarea><\/div><script>\n\t\t\t\t( function() {\n\t\t\t\t\tconst style = document.createElement( 'style' );\n\t\t\t\t\tstyle.appendChild( document.createTextNode( '#wpforms-146-field_6-container { position: absolute !important; overflow: hidden !important; display: inline !important; height: 1px !important; width: 1px !important; z-index: -1000 !important; padding: 0 !important; } #wpforms-146-field_6-container input { visibility: hidden; } #wpforms-conversational-form-page #wpforms-146-field_6-container label { counter-increment: none; }' ) );\n\t\t\t\t\tdocument.head.appendChild( style );\n\t\t\t\t\tdocument.currentScript?.remove();\n\t\t\t\t} )();\n\t\t\t<\/script><\/div><!-- .wpforms-field-container --><div class=\"wpforms-submit-container\" ><input type=\"hidden\" name=\"wpforms[id]\" value=\"146\"><input type=\"hidden\" name=\"page_title\" value=\"\"><input type=\"hidden\" name=\"page_url\" value=\"https:\/\/pocenispletnestrani.si\/thermostar\/wp-json\/wp\/v2\/pages\/243\"><input type=\"hidden\" name=\"url_referer\" value=\"\"><button type=\"submit\" name=\"wpforms[submit]\" id=\"wpforms-submit-146\" class=\"wpforms-submit\" data-alt-text=\"Po\u0161iljenje...\" data-submit-text=\"Po\u0161lji\" aria-live=\"assertive\" value=\"wpforms-submit\">Po\u0161lji<\/button><img loading=\"lazy\" decoding=\"async\" src=\"https:\/\/pocenispletnestrani.si\/thermostar\/wp-content\/plugins\/wpforms-lite\/assets\/images\/submit-spin.svg\" class=\"wpforms-submit-spinner\" style=\"display: none;\" width=\"26\" height=\"26\" alt=\"Loading\"><\/div><\/form><\/div>  <!-- .wpforms-container -->\n\n\n<p>Vsa polja ozna\u010dena z zvezdico <mark style=\"background-color:rgba(0, 0, 0, 0);color:#ff1414\" class=\"has-inline-color\">*<\/mark> so obvezna!<\/p>\n\n\n\n<p><strong><a href=\"https:\/\/pocenispletnestrani.si\/thermostar\/varovanje-zasebnosti\/\">Varovanje zasebnosti<\/a><\/strong><\/p>\n\n\n\n<div style=\"height:50px\" aria-hidden=\"true\" class=\"wp-block-spacer\"><\/div>\n<\/div>\n\n\n\n<div class=\"wp-block-column is-layout-flow wp-block-column-is-layout-flow\"><\/div>\n<\/div>\n\n\n\n<div class=\"wp-block-uagb-container uagb-block-fc6562be alignfull uagb-is-root-container\"><div class=\"uagb-container-inner-blocks-wrap\">\n<div style=\"height:120px\" aria-hidden=\"true\" class=\"wp-block-spacer\"><\/div>\n\n\n\n<h2 class=\"wp-block-heading has-text-align-center\"><mark style=\"background-color:rgba(0, 0, 0, 0)\" class=\"has-inline-color has-accent-color\"><strong>POGOSTA VPRA\u0160ANJA<\/strong><\/mark><\/h2>\n\n\n\n<div style=\"height:70px\" aria-hidden=\"true\" class=\"wp-block-spacer\"><\/div>\n\n\n<div class=\"wp-block-uagb-faq uagb-faq__outer-wrap uagb-block-65045368 uagb-faq-icon-row uagb-faq-layout-accordion uagb-faq-expand-first-false uagb-faq-inactive-other-true uagb-faq__wrap uagb-buttons-layout-wrap uagb-faq-equal-height     \" data-faqtoggle=\"true\" role=\"tablist\"><div class=\"wp-block-uagb-faq-child uagb-faq-child__outer-wrap uagb-faq-item uagb-block-68961d5d \" role=\"tab\" tabindex=\"0\"><div class=\"uagb-faq-questions-button uagb-faq-questions\">\t\t\t<span class=\"uagb-icon uagb-faq-icon-wrap\">\n\t\t\t\t\t\t\t\t<svg xmlns=\"https:\/\/www.w3.org\/2000\/svg\" viewBox= \"0 0 448 512\"><path d=\"M432 256c0 17.69-14.33 32.01-32 32.01H256v144c0 17.69-14.33 31.99-32 31.99s-32-14.3-32-31.99v-144H48c-17.67 0-32-14.32-32-32.01s14.33-31.99 32-31.99H192v-144c0-17.69 14.33-32.01 32-32.01s32 14.32 32 32.01v144h144C417.7 224 432 238.3 432 256z\"><\/path><\/svg>\n\t\t\t\t\t\t\t<\/span>\n\t\t\t\t\t\t<span class=\"uagb-icon-active uagb-faq-icon-wrap\">\n\t\t\t\t\t\t\t\t<svg xmlns=\"https:\/\/www.w3.org\/2000\/svg\" viewBox= \"0 0 448 512\"><path d=\"M400 288h-352c-17.69 0-32-14.32-32-32.01s14.31-31.99 32-31.99h352c17.69 0 32 14.3 32 31.99S417.7 288 400 288z\"><\/path><\/svg>\n\t\t\t\t\t\t\t<\/span>\n\t\t\t<span class=\"uagb-question\"><strong>KAJ LAHKO O\u010cISTIM S PARNIM \u010cISTILCEM THERMOSTAR?<\/strong><\/span><\/div><div class=\"uagb-faq-content\"><p><strong>Parni \u010distilec Thermostar je tako vsestranski, da so mo\u017enosti uporabe skoraj neskon\u010dne.<\/strong><br>Hitro in enostavno lahko o\u010disti\u0161 tako tla, kot tudi; okna, sen\u010dila, pohi\u0161tvo, tepihe, oblazinjeno pohi\u0161tvo, balkone, terase, nadstre\u0161ke, avtomobile \u00a0ali celo obla\u010dila\u2026hitro, enostavno in \u010disto brez \u010distil.<\/p><\/div><\/div><div class=\"wp-block-uagb-faq-child uagb-faq-child__outer-wrap uagb-faq-item uagb-block-33c74f4a \" role=\"tab\" tabindex=\"0\"><div class=\"uagb-faq-questions-button uagb-faq-questions\">\t\t\t<span class=\"uagb-icon uagb-faq-icon-wrap\">\n\t\t\t\t\t\t\t\t<svg xmlns=\"https:\/\/www.w3.org\/2000\/svg\" viewBox= \"0 0 448 512\"><path d=\"M432 256c0 17.69-14.33 32.01-32 32.01H256v144c0 17.69-14.33 31.99-32 31.99s-32-14.3-32-31.99v-144H48c-17.67 0-32-14.32-32-32.01s14.33-31.99 32-31.99H192v-144c0-17.69 14.33-32.01 32-32.01s32 14.32 32 32.01v144h144C417.7 224 432 238.3 432 256z\"><\/path><\/svg>\n\t\t\t\t\t\t\t<\/span>\n\t\t\t\t\t\t<span class=\"uagb-icon-active uagb-faq-icon-wrap\">\n\t\t\t\t\t\t\t\t<svg xmlns=\"https:\/\/www.w3.org\/2000\/svg\" viewBox= \"0 0 448 512\"><path d=\"M400 288h-352c-17.69 0-32-14.32-32-32.01s14.31-31.99 32-31.99h352c17.69 0 32 14.3 32 31.99S417.7 288 400 288z\"><\/path><\/svg>\n\t\t\t\t\t\t\t<\/span>\n\t\t\t<span class=\"uagb-question\"><strong>KAJ PRAVZAPRAV JE PARNI \u010cISTILEC IN KAKO DELUJE?<\/strong><\/span><\/div><div class=\"uagb-faq-content\"><p>V osnovi gre za elektri\u010dno napravo, ki segreva vodo, ter nato nastalo paro stisne skozi \u0161obo pod pritiskom. Para prodre globoko v pore povr\u0161ine, raztopi \u0161e tako trdovratno umazanijo, ter pusti higiensko \u010disto povr\u0161ino. Prav para in temperatura sta skrivnosti temeljitega \u010di\u0161\u010denja brez uporabe zdravju \u0161kodljivih \u010distil. Visoka temperatura pare uni\u010di do 99,99 % bakterij in klic \u2013 brez kakr\u0161nih koli agresivnih detergentov.<\/p><\/div><\/div><div class=\"wp-block-uagb-faq-child uagb-faq-child__outer-wrap uagb-faq-item uagb-block-e2098d39 \" role=\"tab\" tabindex=\"0\"><div class=\"uagb-faq-questions-button uagb-faq-questions\">\t\t\t<span class=\"uagb-icon uagb-faq-icon-wrap\">\n\t\t\t\t\t\t\t\t<svg xmlns=\"https:\/\/www.w3.org\/2000\/svg\" viewBox= \"0 0 448 512\"><path d=\"M432 256c0 17.69-14.33 32.01-32 32.01H256v144c0 17.69-14.33 31.99-32 31.99s-32-14.3-32-31.99v-144H48c-17.67 0-32-14.32-32-32.01s14.33-31.99 32-31.99H192v-144c0-17.69 14.33-32.01 32-32.01s32 14.32 32 32.01v144h144C417.7 224 432 238.3 432 256z\"><\/path><\/svg>\n\t\t\t\t\t\t\t<\/span>\n\t\t\t\t\t\t<span class=\"uagb-icon-active uagb-faq-icon-wrap\">\n\t\t\t\t\t\t\t\t<svg xmlns=\"https:\/\/www.w3.org\/2000\/svg\" viewBox= \"0 0 448 512\"><path d=\"M400 288h-352c-17.69 0-32-14.32-32-32.01s14.31-31.99 32-31.99h352c17.69 0 32 14.3 32 31.99S417.7 288 400 288z\"><\/path><\/svg>\n\t\t\t\t\t\t\t<\/span>\n\t\t\t<span class=\"uagb-question\"><strong>KATERI PARNI \u010cISTILEC NAJ IZBEREM?<\/strong><\/span><\/div><div class=\"uagb-faq-content\"><p>Pomemben podatek pri nakupu parnega \u010distilca je predvsem \u010das segrevanja, ter tlak pare. Zavedati se je potrebno: \u010dim hitreje je naprava pripravljena za uporabo in \u010dim vi\u0161ji je pritisk, tem u\u010dinkovitej\u0161a je mo\u010d \u010di\u0161\u010denja.<br>Glavna prednost parnega \u010distilca Thermostar, je prav njegov patentirani grelec, ki je kar 4x mo\u010dnej\u0161i od klasi\u010dne grelne \u0161pirale, ter visoko vzdr\u017eljiv kotel iz nerjave\u010dega jekla, kar mu omogo\u010da hitro segrevanje, ter zagotavlja izjemno kvaliteto pare. Pritisk pare ne pada, para pa je konstantna in enako mo\u010dna. Pri ostalih parnih \u010distilcih na tr\u017ei\u0161\u010du, ki imajo navadne grelne \u0161pirale pa pritisk in temperatura hitro padata, tako da para ni konstantna in tudi ni tako suha.<\/p><\/div><\/div><div class=\"wp-block-uagb-faq-child uagb-faq-child__outer-wrap uagb-faq-item uagb-block-e3032135 \" role=\"tab\" tabindex=\"0\"><div class=\"uagb-faq-questions-button uagb-faq-questions\">\t\t\t<span class=\"uagb-icon uagb-faq-icon-wrap\">\n\t\t\t\t\t\t\t\t<svg xmlns=\"https:\/\/www.w3.org\/2000\/svg\" viewBox= \"0 0 448 512\"><path d=\"M432 256c0 17.69-14.33 32.01-32 32.01H256v144c0 17.69-14.33 31.99-32 31.99s-32-14.3-32-31.99v-144H48c-17.67 0-32-14.32-32-32.01s14.33-31.99 32-31.99H192v-144c0-17.69 14.33-32.01 32-32.01s32 14.32 32 32.01v144h144C417.7 224 432 238.3 432 256z\"><\/path><\/svg>\n\t\t\t\t\t\t\t<\/span>\n\t\t\t\t\t\t<span class=\"uagb-icon-active uagb-faq-icon-wrap\">\n\t\t\t\t\t\t\t\t<svg xmlns=\"https:\/\/www.w3.org\/2000\/svg\" viewBox= \"0 0 448 512\"><path d=\"M400 288h-352c-17.69 0-32-14.32-32-32.01s14.31-31.99 32-31.99h352c17.69 0 32 14.3 32 31.99S417.7 288 400 288z\"><\/path><\/svg>\n\t\t\t\t\t\t\t<\/span>\n\t\t\t<span class=\"uagb-question\"><strong>ZA KOGA JE PARNI \u010cISTILEC \u0160E POSEBEJ PRIMEREN?<\/strong><\/span><\/div><div class=\"uagb-faq-content\"><p>Parni \u010distilec Thermostar je idealen za ljudi, ki so ob\u010dutljivi na \u010distila, oziroma imajo kak\u0161ne alergije. Idealen je tudi za dru\u017eine z majhnimi otroci, ter hi\u0161nimi ljubljen\u010dki, saj temeljito odstrani bakterije in klice, brez ostankov agresivnih \u010distil, ki lahko povzro\u010dijo dra\u017eenje in alergije.<br><strong>Parni \u010distilec Thermostar je prava izbira za vsakogar, ki si \u017eeli tako \u010dist in zdrav dom, kot tudi \u017eeli prihraniti denar, \u010das in trud, ter varovati okolje!<\/strong><\/p><\/div><\/div><\/div>\n\n\n<div style=\"height:120px\" aria-hidden=\"true\" class=\"wp-block-spacer\"><\/div>\n<\/div><\/div>\n\n\n\n<iframe src=\"https:\/\/www.google.com\/maps\/embed?pb=!1m18!1m12!1m3!1d2768.4166285208908!2d14.5609898128331!3d46.062733193182986!2m3!1f0!2f0!3f0!3m2!1i1024!2i768!4f13.1!3m3!1m2!1s0x476532168615a8b1%3A0xa35abeee98a1bc98!2sLetali%C5%A1ka%20cesta%2027%2C%201000%20Ljubljana!5e0!3m2!1sen!2ssi!4v1765722414789!5m2!1sen!2ssi\" width=\"100%\" height=\"450\" style=\"border:0;\" allowfullscreen=\"\" loading=\"lazy\" referrerpolicy=\"no-referrer-when-downgrade\"><\/iframe>\n","protected":false},"excerpt":{"rendered":"<p>KARIERA Postani prodajni svetovalec svetovno priznanih premium parnih \u010distilcev Thermostar in u\u017eivaj v fleksibilnem urniku, ter navzgor neomejenemu pla\u010dilu glede na uspe\u0161nost. Pridobi dragocene prodajne ve\u0161\u010dine, ki so \u0161e kako potrebne na vsaki poslovni poti. Mo\u017enost redne zaposlitve ali kot dodatni zaslu\u017eek ob redni zaposlitvi ali \u0161tudiju. Pi\u0161i nam in postati del uspe\u0161ne zgodbe! Vsa &#8230; <a title=\"Kariera\" class=\"read-more\" href=\"https:\/\/pocenispletnestrani.si\/thermostar\/kariera\/\" aria-label=\"Read more about Kariera\">Read more<\/a><\/p>\n","protected":false},"author":1,"featured_media":0,"parent":0,"menu_order":0,"comment_status":"closed","ping_status":"closed","template":"","meta":{"_uag_custom_page_level_css":"","footnotes":""},"class_list":["post-243","page","type-page","status-publish"],"uagb_featured_image_src":{"full":false,"thumbnail":false,"medium":false,"medium_large":false,"large":false,"1536x1536":false,"2048x2048":false,"woocommerce_thumbnail":false,"woocommerce_single":false,"woocommerce_gallery_thumbnail":false},"uagb_author_info":{"display_name":"admin","author_link":"https:\/\/pocenispletnestrani.si\/thermostar\/author\/jmesarec\/"},"uagb_comment_info":0,"uagb_excerpt":"KARIERA Postani prodajni svetovalec svetovno priznanih premium parnih \u010distilcev Thermostar in u\u017eivaj v fleksibilnem urniku, ter navzgor neomejenemu pla\u010dilu glede na uspe\u0161nost. Pridobi dragocene prodajne ve\u0161\u010dine, ki so \u0161e kako potrebne na vsaki poslovni poti. Mo\u017enost redne zaposlitve ali kot dodatni zaslu\u017eek ob redni zaposlitvi ali \u0161tudiju. Pi\u0161i nam in postati del uspe\u0161ne zgodbe! Vsa&hellip;","_links":{"self":[{"href":"https:\/\/pocenispletnestrani.si\/thermostar\/wp-json\/wp\/v2\/pages\/243","targetHints":{"allow":["GET"]}}],"collection":[{"href":"https:\/\/pocenispletnestrani.si\/thermostar\/wp-json\/wp\/v2\/pages"}],"about":[{"href":"https:\/\/pocenispletnestrani.si\/thermostar\/wp-json\/wp\/v2\/types\/page"}],"author":[{"embeddable":true,"href":"https:\/\/pocenispletnestrani.si\/thermostar\/wp-json\/wp\/v2\/users\/1"}],"replies":[{"embeddable":true,"href":"https:\/\/pocenispletnestrani.si\/thermostar\/wp-json\/wp\/v2\/comments?post=243"}],"version-history":[{"count":19,"href":"https:\/\/pocenispletnestrani.si\/thermostar\/wp-json\/wp\/v2\/pages\/243\/revisions"}],"predecessor-version":[{"id":686,"href":"https:\/\/pocenispletnestrani.si\/thermostar\/wp-json\/wp\/v2\/pages\/243\/revisions\/686"}],"wp:attachment":[{"href":"https:\/\/pocenispletnestrani.si\/thermostar\/wp-json\/wp\/v2\/media?parent=243"}],"curies":[{"name":"wp","href":"https:\/\/api.w.org\/{rel}","templated":true}]}}